{"id":7,"date":"2024-07-03T06:48:55","date_gmt":"2024-07-03T06:48:55","guid":{"rendered":"https:\/\/cinabliss.ca\/?page_id=7"},"modified":"2025-02-18T07:55:24","modified_gmt":"2025-02-18T07:55:24","slug":"about","status":"publish","type":"page","link":"https:\/\/cinabliss.ca\/fr\/about\/","title":{"rendered":"\u00c0 propos"},"content":{"rendered":"<div class=\"wp-block-group alignfull pagetitle-banner pagetitle-banner-red\"><div class=\"wp-block-group__inner-container is-layout-constrained wp-block-group-is-layout-constrained\">\n<figure class=\"wp-block-image alignfull size-full\"><img loading=\"lazy\" decoding=\"async\" width=\"2000\" height=\"611\" src=\"https:\/\/cinabliss.ca\/wp-content\/uploads\/2024\/07\/aboutus-banner.jpg\" alt=\"\" class=\"wp-image-131\" srcset=\"https:\/\/cinabliss.ca\/wp-content\/uploads\/2024\/07\/aboutus-banner.jpg 2000w, https:\/\/cinabliss.ca\/wp-content\/uploads\/2024\/07\/aboutus-banner-300x92.jpg 300w, https:\/\/cinabliss.ca\/wp-content\/uploads\/2024\/07\/aboutus-banner-1024x313.jpg 1024w, https:\/\/cinabliss.ca\/wp-content\/uploads\/2024\/07\/aboutus-banner-768x235.jpg 768w, https:\/\/cinabliss.ca\/wp-content\/uploads\/2024\/07\/aboutus-banner-1536x469.jpg 1536w, https:\/\/cinabliss.ca\/wp-content\/uploads\/2024\/07\/aboutus-banner-18x5.jpg 18w, https:\/\/cinabliss.ca\/wp-content\/uploads\/2024\/07\/aboutus-banner-1568x479.jpg 1568w\" sizes=\"(max-width: 2000px) 100vw, 2000px\" \/><\/figure>\n\n\n\n<h2 class=\"wp-block-heading about-comic comic-text\">Spread it, <br>Top it, Mix it<\/h2>\n<\/div><\/div>\n\n\n\n<div class=\"wp-block-group alignfull about-us-page\"><div class=\"wp-block-group__inner-container is-layout-constrained wp-block-group-is-layout-constrained\">\n<div class=\"wp-block-columns are-vertically-aligned-center is-layout-flex wp-container-core-columns-is-layout-1 wp-block-columns-is-layout-flex\">\n<div class=\"wp-block-column is-vertically-aligned-center is-layout-flow wp-block-column-is-layout-flow\">\n<h3 class=\"wp-block-heading has-text-align-left\">Histoire de Cinabliss pour la tartinade \u00e0 la cannelle.<\/h3>\n\n\n\n<p>Tout a commenc\u00e9 avec une recette de boisson familiale qui s\u2019est accidentellement transform\u00e9e en une d\u00e9licieuse tartinade.<\/p>\n\n\n\n<p>Notre amour pour la cannelle existe depuis des g\u00e9n\u00e9rations. C\u2019est dans notre histoire et dans chaque aliment que nous pr\u00e9parons. Pr\u00e9parer des boissons \u00e0 la cannelle n\u2019\u00e9tait pas diff\u00e9rent. Un jour, alors que nous travaillions sur une nouvelle boisson \u00e0 la cannelle \u00e0 introduire sur le march\u00e9, la recette s'est av\u00e9r\u00e9e \u00e9paisse et cr\u00e9meuse et le lendemain matin, nous avons pu l'\u00e9taler sur un morceau de pain et l'appeler un petit-d\u00e9jeuner.<\/p>\n\n\n\n<p>\u00c9tonnamment, sur un morceau de pain grill\u00e9 chaud, la tartinade \u00e0 la cannelle avait un go\u00fbt si proche des c\u00e9l\u00e8bres brioches \u00e0 la cannelle. Un go\u00fbt et une douceur bienfaisants qui ont inspir\u00e9 la marque \u00ab Cinabliss \u00bb la \u00ab Tartinade \u00e0 la cannelle \u00bb. Notre produit final.<\/p>\n<\/div>\n\n\n\n<div class=\"wp-block-column is-vertically-aligned-center is-layout-flow wp-block-column-is-layout-flow\">\n<figure class=\"wp-block-image size-full\"><img loading=\"lazy\" decoding=\"async\" width=\"600\" height=\"772\" src=\"https:\/\/cinabliss.ca\/wp-content\/uploads\/2024\/07\/spread-product.png\" alt=\"\" class=\"wp-image-83\" srcset=\"https:\/\/cinabliss.ca\/wp-content\/uploads\/2024\/07\/spread-product.png 600w, https:\/\/cinabliss.ca\/wp-content\/uploads\/2024\/07\/spread-product-233x300.png 233w\" sizes=\"(max-width: 600px) 100vw, 600px\" \/><\/figure>\n<\/div>\n<\/div>\n\n\n\n<div class=\"wp-block-columns nutri-value is-layout-flex wp-container-core-columns-is-layout-2 wp-block-columns-is-layout-flex\">\n<div class=\"wp-block-column is-layout-flow wp-block-column-is-layout-flow\" style=\"flex-basis:25%\"><\/div>\n\n\n\n<div class=\"wp-block-column is-layout-flow wp-block-column-is-layout-flow\">\n<h2 class=\"wp-block-heading has-text-align-center\">Apports nutritionnels<\/h2>\n\n\n\n<figure class=\"wp-block-image size-full\"><img loading=\"lazy\" decoding=\"async\" width=\"870\" height=\"1170\" src=\"https:\/\/cinabliss.ca\/wp-content\/uploads\/2024\/07\/nutri-value-1.jpg\" alt=\"\" class=\"wp-image-93\" srcset=\"https:\/\/cinabliss.ca\/wp-content\/uploads\/2024\/07\/nutri-value-1.jpg 870w, https:\/\/cinabliss.ca\/wp-content\/uploads\/2024\/07\/nutri-value-1-223x300.jpg 223w, https:\/\/cinabliss.ca\/wp-content\/uploads\/2024\/07\/nutri-value-1-761x1024.jpg 761w, https:\/\/cinabliss.ca\/wp-content\/uploads\/2024\/07\/nutri-value-1-768x1033.jpg 768w\" sizes=\"(max-width: 870px) 100vw, 870px\" \/><\/figure>\n<\/div>\n\n\n\n<div class=\"wp-block-column is-layout-flow wp-block-column-is-layout-flow\" style=\"flex-basis:25%\"><\/div>\n<\/div>\n<\/div><\/div>","protected":false},"excerpt":{"rendered":"<p>Spread it, Top it, Mix it Cinabliss Story for Cinnamon Roll Spread. It all started with a family drink recipe that accidentally turned into a delicious food spread. Our love for Cinnamon has been around for generations. It\u2019s in our history and in every food we make. Making Cinnamon drinks was no different. One day&hellip; <a class=\"more-link\" href=\"https:\/\/cinabliss.ca\/fr\/about\/\">Continue reading <span class=\"screen-reader-text\">\u00c0 propos<\/span><\/a><\/p>","protected":false},"author":1,"featured_media":0,"parent":0,"menu_order":0,"comment_status":"closed","ping_status":"closed","template":"","meta":{"_eb_attr":"","footnotes":""},"_links":{"self":[{"href":"https:\/\/cinabliss.ca\/fr\/wp-json\/wp\/v2\/pages\/7"}],"collection":[{"href":"https:\/\/cinabliss.ca\/fr\/wp-json\/wp\/v2\/pages"}],"about":[{"href":"https:\/\/cinabliss.ca\/fr\/wp-json\/wp\/v2\/types\/page"}],"author":[{"embeddable":true,"href":"https:\/\/cinabliss.ca\/fr\/wp-json\/wp\/v2\/users\/1"}],"replies":[{"embeddable":true,"href":"https:\/\/cinabliss.ca\/fr\/wp-json\/wp\/v2\/comments?post=7"}],"version-history":[{"count":51,"href":"https:\/\/cinabliss.ca\/fr\/wp-json\/wp\/v2\/pages\/7\/revisions"}],"predecessor-version":[{"id":237,"href":"https:\/\/cinabliss.ca\/fr\/wp-json\/wp\/v2\/pages\/7\/revisions\/237"}],"wp:attachment":[{"href":"https:\/\/cinabliss.ca\/fr\/wp-json\/wp\/v2\/media?parent=7"}],"curies":[{"name":"wp","href":"https:\/\/api.w.org\/{rel}","templated":true}]}}